{"id":800,"date":"2018-08-21T11:38:15","date_gmt":"2018-08-21T10:38:15","guid":{"rendered":"http:\/\/codecoobres.net.91-142-220-242.panelserver.org\/obres\/jutjats\/"},"modified":"2018-09-05T13:32:42","modified_gmt":"2018-09-05T12:32:42","slug":"jutjats","status":"publish","type":"page","link":"https:\/\/codecoobres.net\/ca\/obres\/jutjats\/","title":{"rendered":"Jutjats"},"content":{"rendered":"<p>[et_pb_section bb_built=&#8221;1&#8243; fullwidth=&#8221;on&#8221; specialty=&#8221;off&#8221; next_background_color=&#8221;#000000&#8243;][et_pb_fullwidth_menu admin_label=&#8221;Submen\u00fa obras&#8221; menu_id=&#8221;4&#8243; submenu_direction=&#8221;downwards&#8221; fullwidth_menu=&#8221;off&#8221; _builder_version=&#8221;3.8&#8243; menu_text_color=&#8221;#00abf2&#8243; background_layout=&#8221;light&#8221; saved_tabs=&#8221;all&#8221; background_color=&#8221;#ffffff&#8221; use_background_color_gradient=&#8221;off&#8221; background_color_gradient_direction=&#8221;180deg&#8221; parallax=&#8221;off&#8221; background_size=&#8221;cover&#8221; background_position=&#8221;center&#8221; background_repeat=&#8221;no-repeat&#8221; background_blend=&#8221;normal&#8221; allow_player_pause=&#8221;off&#8221; background_video_pause_outside_viewport=&#8221;on&#8221; menu_font_size=&#8221;14px&#8221; menu_letter_spacing=&#8221;0px&#8221; menu_line_height=&#8221;1em&#8221; menu_text_shadow_style=&#8221;none&#8221; border_radii=&#8221;on||||&#8221; box_shadow_style=&#8221;none&#8221; text_orientation=&#8221;left&#8221; max_width=&#8221;100%&#8221; filter_hue_rotate=&#8221;0deg&#8221; filter_saturate=&#8221;100%&#8221; filter_brightness=&#8221;100%&#8221; filter_contrast=&#8221;100%&#8221; filter_invert=&#8221;0%&#8221; filter_sepia=&#8221;0%&#8221; filter_opacity=&#8221;100%&#8221; filter_blur=&#8221;0px&#8221; mix_blend_mode=&#8221;normal&#8221; animation_style=&#8221;none&#8221; animation_direction=&#8221;center&#8221; dropdown_menu_animation=&#8221;fade&#8221; border_width_bottom=&#8221;5px&#8221; border_color_bottom=&#8221;#00abf2&#8243; global_module=&#8221;101&#8243; \/][\/et_pb_section][et_pb_section bb_built=&#8221;1&#8243; fullwidth=&#8221;off&#8221; specialty=&#8221;off&#8221; prev_background_color=&#8221;#000000&#8243;][et_pb_row][et_pb_column type=&#8221;4_4&#8243;][et_pb_post_title _builder_version=&#8221;3.12.2&#8243; meta=&#8221;off&#8221; featured_image=&#8221;off&#8221; title_font_size=&#8221;2.5em&#8221; \/][et_pb_text _builder_version=&#8221;3.12.2&#8243;]<\/p>\n<p>Construcci\u00f3, rehabilitaci\u00f3, reforma i ampliaci\u00f3 de jutjats.<\/p>\n<p>[\/et_pb_text][\/et_pb_column][\/et_pb_row][et_pb_row][et_pb_column type=&#8221;4_4&#8243;][et_pb_portfolio admin_label=&#8221;Galer\u00eda obras recientes &#8211; Juzgados&#8221; posts_number=&#8221;100&#8243; fullwidth=&#8221;off&#8221; _builder_version=&#8221;3.12.2&#8243; include_categories=&#8221;3&#8243; custom_padding=&#8221;|||&#8221; custom_margin=&#8221;|||&#8221; zoom_icon_color=&#8221;#00abf2&#8243; hover_overlay_color=&#8221;rgba(255,255,255,0.9)&#8221; show_categories=&#8221;off&#8221; show_pagination=&#8221;off&#8221;]<\/p>\n<p>&nbsp;<\/p>\n<p>[\/et_pb_portfolio][\/et_pb_column][\/et_pb_row][\/et_pb_section]<\/p>\n","protected":false},"excerpt":{"rendered":"<p>[et_pb_section bb_built=&#8221;1&#8243; fullwidth=&#8221;on&#8221; specialty=&#8221;off&#8221; next_background_color=&#8221;#000000&#8243;][et_pb_fullwidth_menu admin_label=&#8221;Submen\u00fa obras&#8221; menu_id=&#8221;4&#8243; submenu_direction=&#8221;downwards&#8221; fullwidth_menu=&#8221;off&#8221; _builder_version=&#8221;3.8&#8243; menu_text_color=&#8221;#00abf2&#8243; background_layout=&#8221;light&#8221; saved_tabs=&#8221;all&#8221; background_color=&#8221;#ffffff&#8221; use_background_color_gradient=&#8221;off&#8221; background_color_gradient_direction=&#8221;180deg&#8221; parallax=&#8221;off&#8221; background_size=&#8221;cover&#8221; background_position=&#8221;center&#8221; background_repeat=&#8221;no-repeat&#8221; background_blend=&#8221;normal&#8221; allow_player_pause=&#8221;off&#8221; background_video_pause_outside_viewport=&#8221;on&#8221; menu_font_size=&#8221;14px&#8221; menu_letter_spacing=&#8221;0px&#8221; menu_line_height=&#8221;1em&#8221; menu_text_shadow_style=&#8221;none&#8221; border_radii=&#8221;on||||&#8221; box_shadow_style=&#8221;none&#8221; text_orientation=&#8221;left&#8221; max_width=&#8221;100%&#8221; filter_hue_rotate=&#8221;0deg&#8221; filter_saturate=&#8221;100%&#8221; filter_brightness=&#8221;100%&#8221; filter_contrast=&#8221;100%&#8221; filter_invert=&#8221;0%&#8221; filter_sepia=&#8221;0%&#8221; filter_opacity=&#8221;100%&#8221; filter_blur=&#8221;0px&#8221; mix_blend_mode=&#8221;normal&#8221; animation_style=&#8221;none&#8221; animation_direction=&#8221;center&#8221; dropdown_menu_animation=&#8221;fade&#8221; border_width_bottom=&#8221;5px&#8221; border_color_bottom=&#8221;#00abf2&#8243; global_module=&#8221;101&#8243; \/][\/et_pb_section][et_pb_section bb_built=&#8221;1&#8243; fullwidth=&#8221;off&#8221; specialty=&#8221;off&#8221; prev_background_color=&#8221;#000000&#8243;][et_pb_row][et_pb_column type=&#8221;4_4&#8243;][et_pb_post_title _builder_version=&#8221;3.12.2&#8243; meta=&#8221;off&#8221; [&hellip;]<\/p>\n","protected":false},"author":3,"featured_media":0,"parent":792,"menu_order":0,"comment_status":"closed","ping_status":"closed","template":"","meta":{"footnotes":""},"class_list":["post-800","page","type-page","status-publish","hentry"],"yoast_head":"<!-- This site is optimized with the Yoast SEO plugin v20.12 - https:\/\/yoast.com\/wordpress\/plugins\/seo\/ -->\n<title>Jutjats - Constructora Lleida<\/title>\n<meta name=\"robots\" content=\"index, follow, max-snippet:-1, max-image-preview:large, max-video-preview:-1\" \/>\n<link rel=\"canonical\" href=\"https:\/\/codecoobres.net\/obras\/juzgados\/\" \/>\n<meta property=\"og:locale\" content=\"ca_ES\" \/>\n<meta property=\"og:type\" content=\"article\" \/>\n<meta property=\"og:title\" content=\"Jutjats - Constructora Lleida\" \/>\n<meta property=\"og:description\" content=\"[et_pb_section bb_built=&#8221;1&#8243; fullwidth=&#8221;on&#8221; specialty=&#8221;off&#8221; next_background_color=&#8221;#000000&#8243;][et_pb_fullwidth_menu admin_label=&#8221;Submen\u00fa obras&#8221; menu_id=&#8221;4&#8243; submenu_direction=&#8221;downwards&#8221; fullwidth_menu=&#8221;off&#8221; _builder_version=&#8221;3.8&#8243; menu_text_color=&#8221;#00abf2&#8243; background_layout=&#8221;light&#8221; saved_tabs=&#8221;all&#8221; background_color=&#8221;#ffffff&#8221; use_background_color_gradient=&#8221;off&#8221; background_color_gradient_direction=&#8221;180deg&#8221; parallax=&#8221;off&#8221; background_size=&#8221;cover&#8221; background_position=&#8221;center&#8221; background_repeat=&#8221;no-repeat&#8221; background_blend=&#8221;normal&#8221; allow_player_pause=&#8221;off&#8221; background_video_pause_outside_viewport=&#8221;on&#8221; menu_font_size=&#8221;14px&#8221; menu_letter_spacing=&#8221;0px&#8221; menu_line_height=&#8221;1em&#8221; menu_text_shadow_style=&#8221;none&#8221; border_radii=&#8221;on||||&#8221; box_shadow_style=&#8221;none&#8221; text_orientation=&#8221;left&#8221; max_width=&#8221;100%&#8221; filter_hue_rotate=&#8221;0deg&#8221; filter_saturate=&#8221;100%&#8221; filter_brightness=&#8221;100%&#8221; filter_contrast=&#8221;100%&#8221; filter_invert=&#8221;0%&#8221; filter_sepia=&#8221;0%&#8221; filter_opacity=&#8221;100%&#8221; filter_blur=&#8221;0px&#8221; mix_blend_mode=&#8221;normal&#8221; animation_style=&#8221;none&#8221; animation_direction=&#8221;center&#8221; dropdown_menu_animation=&#8221;fade&#8221; border_width_bottom=&#8221;5px&#8221; border_color_bottom=&#8221;#00abf2&#8243; global_module=&#8221;101&#8243; \/][\/et_pb_section][et_pb_section bb_built=&#8221;1&#8243; fullwidth=&#8221;off&#8221; specialty=&#8221;off&#8221; prev_background_color=&#8221;#000000&#8243;][et_pb_row][et_pb_column type=&#8221;4_4&#8243;][et_pb_post_title _builder_version=&#8221;3.12.2&#8243; meta=&#8221;off&#8221; [&hellip;]\" \/>\n<meta property=\"og:url\" content=\"https:\/\/codecoobres.net\/obras\/juzgados\/\" \/>\n<meta property=\"og:site_name\" content=\"Constructora Lleida\" \/>\n<meta property=\"article:modified_time\" content=\"2018-09-05T12:32:42+00:00\" \/>\n<meta name=\"twitter:card\" content=\"summary_large_image\" \/>\n<meta name=\"twitter:label1\" content=\"Temps estimat de lectura\" \/>\n\t<meta name=\"twitter:data1\" content=\"1 minut\" \/>\n<script type=\"application\/ld+json\" class=\"yoast-schema-graph\">{\"@context\":\"https:\/\/schema.org\",\"@graph\":[{\"@type\":\"WebPage\",\"@id\":\"https:\/\/codecoobres.net\/obras\/juzgados\/\",\"url\":\"https:\/\/codecoobres.net\/obras\/juzgados\/\",\"name\":\"Jutjats - Constructora Lleida\",\"isPartOf\":{\"@id\":\"https:\/\/codecoobres.net\/#website\"},\"datePublished\":\"2018-08-21T10:38:15+00:00\",\"dateModified\":\"2018-09-05T12:32:42+00:00\",\"breadcrumb\":{\"@id\":\"https:\/\/codecoobres.net\/obras\/juzgados\/#breadcrumb\"},\"inLanguage\":\"ca\",\"potentialAction\":[{\"@type\":\"ReadAction\",\"target\":[\"https:\/\/codecoobres.net\/obras\/juzgados\/\"]}]},{\"@type\":\"BreadcrumbList\",\"@id\":\"https:\/\/codecoobres.net\/obras\/juzgados\/#breadcrumb\",\"itemListElement\":[{\"@type\":\"ListItem\",\"position\":1,\"name\":\"Portada\",\"item\":\"https:\/\/codecoobres.net\/ca\/\"},{\"@type\":\"ListItem\",\"position\":2,\"name\":\"Obres\",\"item\":\"https:\/\/codecoobres.net\/obras\/\"},{\"@type\":\"ListItem\",\"position\":3,\"name\":\"Jutjats\"}]},{\"@type\":\"WebSite\",\"@id\":\"https:\/\/codecoobres.net\/#website\",\"url\":\"https:\/\/codecoobres.net\/\",\"name\":\"Constructora Lleida\",\"description\":\"Construcci\u00f3, rehabilitaci\u00f3 i reforma integral\",\"potentialAction\":[{\"@type\":\"SearchAction\",\"target\":{\"@type\":\"EntryPoint\",\"urlTemplate\":\"https:\/\/codecoobres.net\/?s={search_term_string}\"},\"query-input\":\"required name=search_term_string\"}],\"inLanguage\":\"ca\"}]}<\/script>\n<!-- \/ Yoast SEO plugin. -->","yoast_head_json":{"title":"Jutjats - Constructora Lleida","robots":{"index":"index","follow":"follow","max-snippet":"max-snippet:-1","max-image-preview":"max-image-preview:large","max-video-preview":"max-video-preview:-1"},"canonical":"https:\/\/codecoobres.net\/obras\/juzgados\/","og_locale":"ca_ES","og_type":"article","og_title":"Jutjats - Constructora Lleida","og_description":"[et_pb_section bb_built=&#8221;1&#8243; fullwidth=&#8221;on&#8221; specialty=&#8221;off&#8221; next_background_color=&#8221;#000000&#8243;][et_pb_fullwidth_menu admin_label=&#8221;Submen\u00fa obras&#8221; menu_id=&#8221;4&#8243; submenu_direction=&#8221;downwards&#8221; fullwidth_menu=&#8221;off&#8221; _builder_version=&#8221;3.8&#8243; menu_text_color=&#8221;#00abf2&#8243; background_layout=&#8221;light&#8221; saved_tabs=&#8221;all&#8221; background_color=&#8221;#ffffff&#8221; use_background_color_gradient=&#8221;off&#8221; background_color_gradient_direction=&#8221;180deg&#8221; parallax=&#8221;off&#8221; background_size=&#8221;cover&#8221; background_position=&#8221;center&#8221; background_repeat=&#8221;no-repeat&#8221; background_blend=&#8221;normal&#8221; allow_player_pause=&#8221;off&#8221; background_video_pause_outside_viewport=&#8221;on&#8221; menu_font_size=&#8221;14px&#8221; menu_letter_spacing=&#8221;0px&#8221; menu_line_height=&#8221;1em&#8221; menu_text_shadow_style=&#8221;none&#8221; border_radii=&#8221;on||||&#8221; box_shadow_style=&#8221;none&#8221; text_orientation=&#8221;left&#8221; max_width=&#8221;100%&#8221; filter_hue_rotate=&#8221;0deg&#8221; filter_saturate=&#8221;100%&#8221; filter_brightness=&#8221;100%&#8221; filter_contrast=&#8221;100%&#8221; filter_invert=&#8221;0%&#8221; filter_sepia=&#8221;0%&#8221; filter_opacity=&#8221;100%&#8221; filter_blur=&#8221;0px&#8221; mix_blend_mode=&#8221;normal&#8221; animation_style=&#8221;none&#8221; animation_direction=&#8221;center&#8221; dropdown_menu_animation=&#8221;fade&#8221; border_width_bottom=&#8221;5px&#8221; border_color_bottom=&#8221;#00abf2&#8243; global_module=&#8221;101&#8243; \/][\/et_pb_section][et_pb_section bb_built=&#8221;1&#8243; fullwidth=&#8221;off&#8221; specialty=&#8221;off&#8221; prev_background_color=&#8221;#000000&#8243;][et_pb_row][et_pb_column type=&#8221;4_4&#8243;][et_pb_post_title _builder_version=&#8221;3.12.2&#8243; meta=&#8221;off&#8221; [&hellip;]","og_url":"https:\/\/codecoobres.net\/obras\/juzgados\/","og_site_name":"Constructora Lleida","article_modified_time":"2018-09-05T12:32:42+00:00","twitter_card":"summary_large_image","twitter_misc":{"Temps estimat de lectura":"1 minut"},"schema":{"@context":"https:\/\/schema.org","@graph":[{"@type":"WebPage","@id":"https:\/\/codecoobres.net\/obras\/juzgados\/","url":"https:\/\/codecoobres.net\/obras\/juzgados\/","name":"Jutjats - Constructora Lleida","isPartOf":{"@id":"https:\/\/codecoobres.net\/#website"},"datePublished":"2018-08-21T10:38:15+00:00","dateModified":"2018-09-05T12:32:42+00:00","breadcrumb":{"@id":"https:\/\/codecoobres.net\/obras\/juzgados\/#breadcrumb"},"inLanguage":"ca","potentialAction":[{"@type":"ReadAction","target":["https:\/\/codecoobres.net\/obras\/juzgados\/"]}]},{"@type":"BreadcrumbList","@id":"https:\/\/codecoobres.net\/obras\/juzgados\/#breadcrumb","itemListElement":[{"@type":"ListItem","position":1,"name":"Portada","item":"https:\/\/codecoobres.net\/ca\/"},{"@type":"ListItem","position":2,"name":"Obres","item":"https:\/\/codecoobres.net\/obras\/"},{"@type":"ListItem","position":3,"name":"Jutjats"}]},{"@type":"WebSite","@id":"https:\/\/codecoobres.net\/#website","url":"https:\/\/codecoobres.net\/","name":"Constructora Lleida","description":"Construcci\u00f3, rehabilitaci\u00f3 i reforma integral","potentialAction":[{"@type":"SearchAction","target":{"@type":"EntryPoint","urlTemplate":"https:\/\/codecoobres.net\/?s={search_term_string}"},"query-input":"required name=search_term_string"}],"inLanguage":"ca"}]}},"jetpack_sharing_enabled":true,"_links":{"self":[{"href":"https:\/\/codecoobres.net\/ca\/wp-json\/wp\/v2\/pages\/800","targetHints":{"allow":["GET"]}}],"collection":[{"href":"https:\/\/codecoobres.net\/ca\/wp-json\/wp\/v2\/pages"}],"about":[{"href":"https:\/\/codecoobres.net\/ca\/wp-json\/wp\/v2\/types\/page"}],"author":[{"embeddable":true,"href":"https:\/\/codecoobres.net\/ca\/wp-json\/wp\/v2\/users\/3"}],"replies":[{"embeddable":true,"href":"https:\/\/codecoobres.net\/ca\/wp-json\/wp\/v2\/comments?post=800"}],"version-history":[{"count":1,"href":"https:\/\/codecoobres.net\/ca\/wp-json\/wp\/v2\/pages\/800\/revisions"}],"predecessor-version":[{"id":801,"href":"https:\/\/codecoobres.net\/ca\/wp-json\/wp\/v2\/pages\/800\/revisions\/801"}],"up":[{"embeddable":true,"href":"https:\/\/codecoobres.net\/ca\/wp-json\/wp\/v2\/pages\/792"}],"wp:attachment":[{"href":"https:\/\/codecoobres.net\/ca\/wp-json\/wp\/v2\/media?parent=800"}],"curies":[{"name":"wp","href":"https:\/\/api.w.org\/{rel}","templated":true}]}}