{"id":625,"date":"2018-06-20T07:38:41","date_gmt":"2018-06-20T06:38:41","guid":{"rendered":"http:\/\/codecoobres.net.91-142-220-242.panelserver.org\/constructora-lleida-codeco-obres-sl\/"},"modified":"2018-09-13T09:06:12","modified_gmt":"2018-09-13T08:06:12","slug":"constructora-lleida-codeco","status":"publish","type":"page","link":"https:\/\/codecoobres.net\/ca\/","title":{"rendered":"Constructora Lleida Codeco"},"content":{"rendered":"<p>[et_pb_section bb_built=&#8221;1&#8243; custom_padding_last_edited=&#8221;on|desktop&#8221; _builder_version=&#8221;3.13.1&#8243; use_background_color_gradient=&#8221;on&#8221; background_color_gradient_start=&#8221;rgba(0,171,242,0.2)&#8221; background_color_gradient_end=&#8221;rgba(0,0,0,0.3)&#8221; background_color_gradient_overlays_image=&#8221;on&#8221; background_image=&#8221;https:\/\/codecoobres.net\/wp-content\/uploads\/construccion-rehabilitacion-edificios-lleida.jpg&#8221; custom_padding=&#8221;10vh||10vh||true&#8221; custom_padding_tablet=&#8221;6vh||6vh||true&#8221; custom_padding_phone=&#8221;3vh||3vh||true&#8221; next_background_color=&#8221;#ffffff&#8221;][et_pb_row _builder_version=&#8221;3.0.48&#8243; background_size=&#8221;initial&#8221; background_position=&#8221;top_left&#8221; background_repeat=&#8221;repeat&#8221;][et_pb_column type=&#8221;1_2&#8243;][et_pb_text admin_label=&#8221;CONSTRUCCI\u00d3N, REHABILITACI\u00d3N Y REFORMA INTEGRAL DE EDIFICIOS&#8221; _builder_version=&#8221;3.13.1&#8243; text_text_shadow_style=&#8221;preset3&#8243; header_font_size=&#8221;44px&#8221; header_font_size_tablet=&#8221;40px&#8221; header_font_size_phone=&#8221;36px&#8221; header_font_size_last_edited=&#8221;on|desktop&#8221; background_layout=&#8221;dark&#8221;]<\/p>\n<h1>CONSTRUCCI\u00d3, REHABILITACI\u00d3 i REFORMA INTEGRAL D&#8217;EDIFICIS<\/h1>\n<p>[\/et_pb_text][et_pb_text _builder_version=&#8221;3.12.2&#8243; text_font=&#8221;|600|||||||&#8221; text_font_size=&#8221;18px&#8221; text_font_size_last_edited=&#8221;on|desktop&#8221; text_text_shadow_style=&#8221;preset3&#8243; background_layout=&#8221;dark&#8221;]<\/p>\n<p>25 anys d&#8217;experi\u00e8ncia al sector de la construcci\u00f3 a Lleida i rodalies ens avalen.<\/p>\n<p>[\/et_pb_text][\/et_pb_column][et_pb_column type=&#8221;1_2&#8243;][\/et_pb_column][\/et_pb_row][\/et_pb_section][et_pb_section bb_built=&#8221;1&#8243; fullwidth=&#8221;on&#8221; _builder_version=&#8221;3.8&#8243; border_width_bottom=&#8221;5px&#8221; border_color_bottom=&#8221;#00abf2&#8243; prev_background_color=&#8221;#000000&#8243; next_background_color=&#8221;#000000&#8243;][et_pb_fullwidth_portfolio admin_label=&#8221;Slider obras realizadas&#8221; include_categories=&#8221;18&#8243; posts_number=&#8221;12&#8243; show_date=&#8221;off&#8221; zoom_icon_color=&#8221;#ffffff&#8221; hover_overlay_color=&#8221;rgba(0,171,242,0.7)&#8221; _builder_version=&#8221;3.12.2&#8243; portfolio_header_text_color=&#8221;#ffffff&#8221; title_text_color=&#8221;#ffffff&#8221; title_font_size=&#8221;20px&#8221; caption_text_color=&#8221;#ffffff&#8221; background_layout=&#8221;dark&#8221; auto=&#8221;on&#8221; auto_speed=&#8221;6000&#8243; global_module=&#8221;98&#8243; saved_tabs=&#8221;all&#8221;]<\/p>\n<p>&nbsp;<\/p>\n<p>[\/et_pb_fullwidth_portfolio][\/et_pb_section][et_pb_section bb_built=&#8221;1&#8243; _builder_version=&#8221;3.8&#8243; custom_margin=&#8221;|||&#8221; custom_padding=&#8221;0px|||&#8221; prev_background_color=&#8221;#000000&#8243;][et_pb_row use_custom_width=&#8221;on&#8221; width_unit=&#8221;off&#8221; custom_width_percent=&#8221;100%&#8221; custom_padding=&#8221;0px|||&#8221; _builder_version=&#8221;3.8&#8243;][et_pb_column type=&#8221;4_4&#8243;][et_pb_button admin_label=&#8221;Bot\u00f3n Ver m\u00e1s obras realizadas&#8221; button_url=&#8221;http:\/\/codecoobres.net.91-142-220-242.panelserver.org\/ca\/obres\/centres-educatius\/&#8221; button_text=&#8221;Veure m\u00e9s obres realitzades&#8221; button_alignment=&#8221;right&#8221; _builder_version=&#8221;3.12.2&#8243; custom_margin=&#8221;0px|||&#8221; custom_padding=&#8221;0px|||&#8221;]<\/p>\n<p>&nbsp;<\/p>\n<p>[\/et_pb_button][\/et_pb_column][\/et_pb_row][et_pb_row use_custom_width=&#8221;on&#8221; width_unit=&#8221;off&#8221; custom_width_percent=&#8221;100%&#8221; use_custom_gutter=&#8221;on&#8221; gutter_width=&#8221;4&#8243; custom_margin=&#8221;2vh|||&#8221; background_color_2=&#8221;rgba(0,171,242,0.15)&#8221; padding_top_bottom_link_1=&#8221;false&#8221; padding_left_right_link_1=&#8221;false&#8221; padding_right_1=&#8221;2vw&#8221; padding_right_2=&#8221;10vw&#8221; padding_left_1=&#8221;10vw&#8221; padding_left_2=&#8221;2vw&#8221; padding_1_tablet=&#8221;|5vw|5vh|5vw||true&#8221; padding_2_tablet=&#8221;|5vw||5vw||true&#8221; padding_1_last_edited=&#8221;on|desktop&#8221; padding_2_last_edited=&#8221;on|desktop&#8221; _builder_version=&#8221;3.8&#8243; module_alignment=&#8221;center&#8221;][et_pb_column type=&#8221;1_2&#8243;][et_pb_text _builder_version=&#8221;3.8&#8243; text_font=&#8221;||||||||&#8221; header_font=&#8221;||||||||&#8221; text_orientation=&#8221;justified&#8221;]<\/p>\n<p><strong>CODECO OBRES SL \u00e9s una empresa constructora de Lleida dedicada a la construcci\u00f3, rehabilitaci\u00f3 i reforma integral d&#8217;edificis,<\/strong> que es constitueix l&#8217;any 2003 fruit de la uni\u00f3 de professionals del ram de la construcci\u00f3 experiments i avalats per 25 anys d&#8217;experi\u00e8ncia en el sector de la construcci\u00f3&#8230;<\/p>\n<p>[\/et_pb_text][et_pb_button admin_label=&#8221;Bot\u00f3n Seguir leyendo&#8221; button_url=&#8221;http:\/\/codecoobres.net.91-142-220-242.panelserver.org\/ca\/empresa-constructora-lleida\/&#8221; button_text=&#8221;Llegir-ne m\u00e9s&#8221; button_alignment=&#8221;right&#8221; _builder_version=&#8221;3.12.2&#8243; box_shadow_style=&#8221;preset7&#8243; box_shadow_horizontal=&#8221;0px&#8221; box_shadow_vertical=&#8221;5px&#8221; box_shadow_color=&#8221;#00abf2&#8243;]<\/p>\n<p>&nbsp;<\/p>\n<p>[\/et_pb_button][\/et_pb_column][et_pb_column type=&#8221;1_2&#8243;][et_pb_text admin_label=&#8221;preg\u00fantanos sin compromiso&#8221; _builder_version=&#8221;3.12.2&#8243; header_3_font=&#8221;Open Sans|300|||||||&#8221; header_3_font_size=&#8221;36px&#8221; header_3_font_size_last_edited=&#8221;on|phone&#8221; text_orientation=&#8221;right&#8221; max_width_last_edited=&#8221;on|desktop&#8221; module_alignment=&#8221;right&#8221; custom_margin=&#8221;-25px||25px|&#8221; custom_padding=&#8221;|||&#8221;]<\/p>\n<h3>pregunta&#8217;ns<br \/>\n<strong>sense comprom\u00eds<\/strong><\/h3>\n<p>[\/et_pb_text][et_pb_text _builder_version=&#8221;3.12.2&#8243; text_font=&#8221;||||||||&#8221; text_orientation=&#8221;right&#8221; module_alignment=&#8221;right&#8221; custom_margin=&#8221;||20px|&#8221; custom_padding=&#8221;|||&#8221;]<\/p>\n<p>Si penses en un projecte de construcci\u00f3 per\u00f2 necessites assessorament o tens dubtes, estarem encantats d&#8217;ajudar-te.<\/p>\n<p>[\/et_pb_text][et_pb_button admin_label=&#8221;Bot\u00f3n Contacto&#8221; button_url=&#8221;https:\/\/codecoobres.net\/ca\/ubicacio-i-contacte\/&#8221; button_text=&#8221;Contacte&#8221; button_alignment=&#8221;right&#8221; _builder_version=&#8221;3.13.1&#8243; box_shadow_style=&#8221;preset7&#8243; box_shadow_horizontal=&#8221;0px&#8221; box_shadow_vertical=&#8221;5px&#8221; box_shadow_color=&#8221;#00abf2&#8243; custom_margin=&#8221;||20px|&#8221; saved_tabs=&#8221;all&#8221;]<\/p>\n<p>&nbsp;<\/p>\n<p>[\/et_pb_button][\/et_pb_column][\/et_pb_row][et_pb_row custom_padding=&#8221;5vh||0px|&#8221; custom_padding_tablet=&#8221;2vh|||&#8221; custom_padding_last_edited=&#8221;on|tablet&#8221; _builder_version=&#8221;3.8&#8243;][et_pb_column type=&#8221;4_4&#8243;][et_pb_text admin_label=&#8221;nuestros servicios&#8221; _builder_version=&#8221;3.12.2&#8243; header_3_font=&#8221;Open Sans|300|||||||&#8221; header_3_font_size=&#8221;48px&#8221; header_3_font_size_tablet=&#8221;44px&#8221; header_3_font_size_phone=&#8221;40px&#8221; header_3_font_size_last_edited=&#8221;on|phone&#8221; text_orientation=&#8221;center&#8221; module_alignment=&#8221;right&#8221; custom_margin=&#8221;-20px||20px|&#8221; custom_margin_tablet=&#8221;0px||0px|&#8221; custom_margin_last_edited=&#8221;on|desktop&#8221; custom_padding=&#8221;|4vw||4vw||true&#8221; custom_padding_tablet=&#8221;|1vw||1vw||true&#8221; custom_padding_last_edited=&#8221;on|phone&#8221;]<\/p>\n<h3>els nostres <strong>serveis<\/strong><\/h3>\n<p>[\/et_pb_text][\/et_pb_column][\/et_pb_row][et_pb_row _builder_version=&#8221;3.8&#8243;][et_pb_column type=&#8221;1_3&#8243;][et_pb_blurb admin_label=&#8221;Construcci\u00f3n&#8221; title=&#8221;Construcci\u00f3&#8221; image=&#8221;\/wp-content\/uploads\/construccion.jpg&#8221; alt=&#8221;Construcci\u00f3 d&#8217;edificis i habitatges&#8221; image_max_width=&#8221;75%&#8221; _builder_version=&#8221;3.13.1&#8243; header_font=&#8221;|||on|||||&#8221; header_text_align=&#8221;center&#8221; header_text_color=&#8221;#6e6d75&#8243; text_orientation=&#8221;center&#8221; module_alignment=&#8221;center&#8221;]<\/p>\n<p>&nbsp;<\/p>\n<p>[\/et_pb_blurb][\/et_pb_column][et_pb_column type=&#8221;1_3&#8243;][et_pb_blurb admin_label=&#8221;Reforma&#8221; title=&#8221;Reforma&#8221; image=&#8221;\/wp-content\/uploads\/reforma.jpg&#8221; alt=&#8221;Reforma integral d&#8217;edificis&#8221; image_max_width=&#8221;75%&#8221; _builder_version=&#8221;3.12.2&#8243; header_font=&#8221;|||on|||||&#8221; header_text_align=&#8221;center&#8221; header_text_color=&#8221;#6e6d75&#8243; text_orientation=&#8221;center&#8221; module_alignment=&#8221;center&#8221;]<\/p>\n<p>&nbsp;<\/p>\n<p>[\/et_pb_blurb][\/et_pb_column][et_pb_column type=&#8221;1_3&#8243;][et_pb_blurb admin_label=&#8221;Rehabilitaci\u00f3n&#8221; title=&#8221;Rehabilitaci\u00f3&#8221; image=&#8221;\/wp-content\/uploads\/rehabilitacion.jpg&#8221; alt=&#8221;Rehabilitaci\u00f3 i restauraci\u00f3 amb experi\u00e8ncia&#8221; image_max_width=&#8221;75%&#8221; _builder_version=&#8221;3.12.2&#8243; header_font=&#8221;|||on|||||&#8221; header_text_align=&#8221;center&#8221; header_text_color=&#8221;#6e6d75&#8243; text_orientation=&#8221;center&#8221; module_alignment=&#8221;center&#8221;]<\/p>\n<p>&nbsp;<\/p>\n<p>[\/et_pb_blurb][\/et_pb_column][\/et_pb_row][\/et_pb_section]<\/p>\n","protected":false},"excerpt":{"rendered":"<p>[et_pb_section bb_built=&#8221;1&#8243; custom_padding_last_edited=&#8221;on|desktop&#8221; _builder_version=&#8221;3.13.1&#8243; use_background_color_gradient=&#8221;on&#8221; background_color_gradient_start=&#8221;rgba(0,171,242,0.2)&#8221; background_color_gradient_end=&#8221;rgba(0,0,0,0.3)&#8221; background_color_gradient_overlays_image=&#8221;on&#8221; background_image=&#8221;https:\/\/codecoobres.net\/wp-content\/uploads\/construccion-rehabilitacion-edificios-lleida.jpg&#8221; custom_padding=&#8221;10vh||10vh||true&#8221; custom_padding_tablet=&#8221;6vh||6vh||true&#8221; custom_padding_phone=&#8221;3vh||3vh||true&#8221; next_background_color=&#8221;#ffffff&#8221;][et_pb_row _builder_version=&#8221;3.0.48&#8243; background_size=&#8221;initial&#8221; background_position=&#8221;top_left&#8221; background_repeat=&#8221;repeat&#8221;][et_pb_column type=&#8221;1_2&#8243;][et_pb_text admin_label=&#8221;CONSTRUCCI\u00d3N, REHABILITACI\u00d3N Y REFORMA INTEGRAL DE EDIFICIOS&#8221; _builder_version=&#8221;3.13.1&#8243; text_text_shadow_style=&#8221;preset3&#8243; header_font_size=&#8221;44px&#8221; header_font_size_tablet=&#8221;40px&#8221; header_font_size_phone=&#8221;36px&#8221; header_font_size_last_edited=&#8221;on|desktop&#8221; background_layout=&#8221;dark&#8221;] CONSTRUCCI\u00d3, REHABILITACI\u00d3 i REFORMA INTEGRAL D&#8217;EDIFICIS [\/et_pb_text][et_pb_text _builder_version=&#8221;3.12.2&#8243; text_font=&#8221;|600|||||||&#8221; text_font_size=&#8221;18px&#8221; text_font_size_last_edited=&#8221;on|desktop&#8221; text_text_shadow_style=&#8221;preset3&#8243; background_layout=&#8221;dark&#8221;] 25 anys d&#8217;experi\u00e8ncia al sector de la construcci\u00f3 a Lleida [&hellip;]<\/p>\n","protected":false},"author":3,"featured_media":0,"parent":0,"menu_order":0,"comment_status":"closed","ping_status":"closed","template":"","meta":{"footnotes":""},"class_list":["post-625","page","type-page","status-publish","hentry"],"yoast_head":"<!-- This site is optimized with the Yoast SEO plugin v20.12 - https:\/\/yoast.com\/wordpress\/plugins\/seo\/ -->\n<title>Constructora Lleida Codeco - Constructora Lleida<\/title>\n<meta name=\"robots\" content=\"index, follow, max-snippet:-1, max-image-preview:large, max-video-preview:-1\" \/>\n<link rel=\"canonical\" href=\"https:\/\/codecoobres.net\/ca\/\" \/>\n<meta property=\"og:locale\" content=\"ca_ES\" \/>\n<meta property=\"og:type\" content=\"article\" \/>\n<meta property=\"og:title\" content=\"Constructora Lleida Codeco - Constructora Lleida\" \/>\n<meta property=\"og:description\" content=\"[et_pb_section bb_built=&#8221;1&#8243; custom_padding_last_edited=&#8221;on|desktop&#8221; _builder_version=&#8221;3.13.1&#8243; use_background_color_gradient=&#8221;on&#8221; background_color_gradient_start=&#8221;rgba(0,171,242,0.2)&#8221; background_color_gradient_end=&#8221;rgba(0,0,0,0.3)&#8221; background_color_gradient_overlays_image=&#8221;on&#8221; background_image=&#8221;https:\/\/codecoobres.net\/wp-content\/uploads\/construccion-rehabilitacion-edificios-lleida.jpg&#8221; custom_padding=&#8221;10vh||10vh||true&#8221; custom_padding_tablet=&#8221;6vh||6vh||true&#8221; custom_padding_phone=&#8221;3vh||3vh||true&#8221; next_background_color=&#8221;#ffffff&#8221;][et_pb_row _builder_version=&#8221;3.0.48&#8243; background_size=&#8221;initial&#8221; background_position=&#8221;top_left&#8221; background_repeat=&#8221;repeat&#8221;][et_pb_column type=&#8221;1_2&#8243;][et_pb_text admin_label=&#8221;CONSTRUCCI\u00d3N, REHABILITACI\u00d3N Y REFORMA INTEGRAL DE EDIFICIOS&#8221; _builder_version=&#8221;3.13.1&#8243; text_text_shadow_style=&#8221;preset3&#8243; header_font_size=&#8221;44px&#8221; header_font_size_tablet=&#8221;40px&#8221; header_font_size_phone=&#8221;36px&#8221; header_font_size_last_edited=&#8221;on|desktop&#8221; background_layout=&#8221;dark&#8221;] CONSTRUCCI\u00d3, REHABILITACI\u00d3 i REFORMA INTEGRAL D&#8217;EDIFICIS [\/et_pb_text][et_pb_text _builder_version=&#8221;3.12.2&#8243; text_font=&#8221;|600|||||||&#8221; text_font_size=&#8221;18px&#8221; text_font_size_last_edited=&#8221;on|desktop&#8221; text_text_shadow_style=&#8221;preset3&#8243; background_layout=&#8221;dark&#8221;] 25 anys d&#8217;experi\u00e8ncia al sector de la construcci\u00f3 a Lleida [&hellip;]\" \/>\n<meta property=\"og:url\" content=\"https:\/\/codecoobres.net\/ca\/\" \/>\n<meta property=\"og:site_name\" content=\"Constructora Lleida\" \/>\n<meta property=\"article:modified_time\" content=\"2018-09-13T08:06:12+00:00\" \/>\n<meta name=\"twitter:card\" content=\"summary_large_image\" \/>\n<meta name=\"twitter:label1\" content=\"Temps estimat de lectura\" \/>\n\t<meta name=\"twitter:data1\" content=\"5 minuts\" \/>\n<script type=\"application\/ld+json\" class=\"yoast-schema-graph\">{\"@context\":\"https:\/\/schema.org\",\"@graph\":[{\"@type\":\"WebPage\",\"@id\":\"https:\/\/codecoobres.net\/ca\/\",\"url\":\"https:\/\/codecoobres.net\/ca\/\",\"name\":\"Constructora Lleida Codeco - Constructora Lleida\",\"isPartOf\":{\"@id\":\"https:\/\/codecoobres.net\/#website\"},\"datePublished\":\"2018-06-20T06:38:41+00:00\",\"dateModified\":\"2018-09-13T08:06:12+00:00\",\"breadcrumb\":{\"@id\":\"https:\/\/codecoobres.net\/ca\/#breadcrumb\"},\"inLanguage\":\"ca\",\"potentialAction\":[{\"@type\":\"ReadAction\",\"target\":[\"https:\/\/codecoobres.net\/ca\/\"]}]},{\"@type\":\"BreadcrumbList\",\"@id\":\"https:\/\/codecoobres.net\/ca\/#breadcrumb\",\"itemListElement\":[{\"@type\":\"ListItem\",\"position\":1,\"name\":\"Portada\",\"item\":\"https:\/\/codecoobres.net\/ca\/\"},{\"@type\":\"ListItem\",\"position\":2,\"name\":\"Constructora Lleida Codeco\"}]},{\"@type\":\"WebSite\",\"@id\":\"https:\/\/codecoobres.net\/#website\",\"url\":\"https:\/\/codecoobres.net\/\",\"name\":\"Constructora Lleida\",\"description\":\"Construcci\u00f3, rehabilitaci\u00f3 i reforma integral\",\"potentialAction\":[{\"@type\":\"SearchAction\",\"target\":{\"@type\":\"EntryPoint\",\"urlTemplate\":\"https:\/\/codecoobres.net\/?s={search_term_string}\"},\"query-input\":\"required name=search_term_string\"}],\"inLanguage\":\"ca\"}]}<\/script>\n<!-- \/ Yoast SEO plugin. -->","yoast_head_json":{"title":"Constructora Lleida Codeco - Constructora Lleida","robots":{"index":"index","follow":"follow","max-snippet":"max-snippet:-1","max-image-preview":"max-image-preview:large","max-video-preview":"max-video-preview:-1"},"canonical":"https:\/\/codecoobres.net\/ca\/","og_locale":"ca_ES","og_type":"article","og_title":"Constructora Lleida Codeco - Constructora Lleida","og_description":"[et_pb_section bb_built=&#8221;1&#8243; custom_padding_last_edited=&#8221;on|desktop&#8221; _builder_version=&#8221;3.13.1&#8243; use_background_color_gradient=&#8221;on&#8221; background_color_gradient_start=&#8221;rgba(0,171,242,0.2)&#8221; background_color_gradient_end=&#8221;rgba(0,0,0,0.3)&#8221; background_color_gradient_overlays_image=&#8221;on&#8221; background_image=&#8221;https:\/\/codecoobres.net\/wp-content\/uploads\/construccion-rehabilitacion-edificios-lleida.jpg&#8221; custom_padding=&#8221;10vh||10vh||true&#8221; custom_padding_tablet=&#8221;6vh||6vh||true&#8221; custom_padding_phone=&#8221;3vh||3vh||true&#8221; next_background_color=&#8221;#ffffff&#8221;][et_pb_row _builder_version=&#8221;3.0.48&#8243; background_size=&#8221;initial&#8221; background_position=&#8221;top_left&#8221; background_repeat=&#8221;repeat&#8221;][et_pb_column type=&#8221;1_2&#8243;][et_pb_text admin_label=&#8221;CONSTRUCCI\u00d3N, REHABILITACI\u00d3N Y REFORMA INTEGRAL DE EDIFICIOS&#8221; _builder_version=&#8221;3.13.1&#8243; text_text_shadow_style=&#8221;preset3&#8243; header_font_size=&#8221;44px&#8221; header_font_size_tablet=&#8221;40px&#8221; header_font_size_phone=&#8221;36px&#8221; header_font_size_last_edited=&#8221;on|desktop&#8221; background_layout=&#8221;dark&#8221;] CONSTRUCCI\u00d3, REHABILITACI\u00d3 i REFORMA INTEGRAL D&#8217;EDIFICIS [\/et_pb_text][et_pb_text _builder_version=&#8221;3.12.2&#8243; text_font=&#8221;|600|||||||&#8221; text_font_size=&#8221;18px&#8221; text_font_size_last_edited=&#8221;on|desktop&#8221; text_text_shadow_style=&#8221;preset3&#8243; background_layout=&#8221;dark&#8221;] 25 anys d&#8217;experi\u00e8ncia al sector de la construcci\u00f3 a Lleida [&hellip;]","og_url":"https:\/\/codecoobres.net\/ca\/","og_site_name":"Constructora Lleida","article_modified_time":"2018-09-13T08:06:12+00:00","twitter_card":"summary_large_image","twitter_misc":{"Temps estimat de lectura":"5 minuts"},"schema":{"@context":"https:\/\/schema.org","@graph":[{"@type":"WebPage","@id":"https:\/\/codecoobres.net\/ca\/","url":"https:\/\/codecoobres.net\/ca\/","name":"Constructora Lleida Codeco - Constructora Lleida","isPartOf":{"@id":"https:\/\/codecoobres.net\/#website"},"datePublished":"2018-06-20T06:38:41+00:00","dateModified":"2018-09-13T08:06:12+00:00","breadcrumb":{"@id":"https:\/\/codecoobres.net\/ca\/#breadcrumb"},"inLanguage":"ca","potentialAction":[{"@type":"ReadAction","target":["https:\/\/codecoobres.net\/ca\/"]}]},{"@type":"BreadcrumbList","@id":"https:\/\/codecoobres.net\/ca\/#breadcrumb","itemListElement":[{"@type":"ListItem","position":1,"name":"Portada","item":"https:\/\/codecoobres.net\/ca\/"},{"@type":"ListItem","position":2,"name":"Constructora Lleida Codeco"}]},{"@type":"WebSite","@id":"https:\/\/codecoobres.net\/#website","url":"https:\/\/codecoobres.net\/","name":"Constructora Lleida","description":"Construcci\u00f3, rehabilitaci\u00f3 i reforma integral","potentialAction":[{"@type":"SearchAction","target":{"@type":"EntryPoint","urlTemplate":"https:\/\/codecoobres.net\/?s={search_term_string}"},"query-input":"required name=search_term_string"}],"inLanguage":"ca"}]}},"jetpack_sharing_enabled":true,"_links":{"self":[{"href":"https:\/\/codecoobres.net\/ca\/wp-json\/wp\/v2\/pages\/625","targetHints":{"allow":["GET"]}}],"collection":[{"href":"https:\/\/codecoobres.net\/ca\/wp-json\/wp\/v2\/pages"}],"about":[{"href":"https:\/\/codecoobres.net\/ca\/wp-json\/wp\/v2\/types\/page"}],"author":[{"embeddable":true,"href":"https:\/\/codecoobres.net\/ca\/wp-json\/wp\/v2\/users\/3"}],"replies":[{"embeddable":true,"href":"https:\/\/codecoobres.net\/ca\/wp-json\/wp\/v2\/comments?post=625"}],"version-history":[{"count":9,"href":"https:\/\/codecoobres.net\/ca\/wp-json\/wp\/v2\/pages\/625\/revisions"}],"predecessor-version":[{"id":1080,"href":"https:\/\/codecoobres.net\/ca\/wp-json\/wp\/v2\/pages\/625\/revisions\/1080"}],"wp:attachment":[{"href":"https:\/\/codecoobres.net\/ca\/wp-json\/wp\/v2\/media?parent=625"}],"curies":[{"name":"wp","href":"https:\/\/api.w.org\/{rel}","templated":true}]}}