{"id":1312,"date":"2023-07-31T11:13:49","date_gmt":"2023-07-31T10:13:49","guid":{"rendered":"https:\/\/codecoobres.net\/?page_id=1312"},"modified":"2023-07-31T11:43:29","modified_gmt":"2023-07-31T10:43:29","slug":"politica-de-qualitat-i-medi-ambient","status":"publish","type":"page","link":"https:\/\/codecoobres.net\/ca\/politica-de-qualitat-i-medi-ambient\/","title":{"rendered":"Pol\u00edtica de Qualitat i Medi Ambient"},"content":{"rendered":"<p>CODECO OBRES SL \u00e9s una empresa constructora de Lleida dedicada a la construcci\u00f3, rehabilitaci\u00f3 i reforma integral d&#8217;edificis, que es constitueix l&#8217;any 2003 fruit de la uni\u00f3 de professionals del ram de la construcci\u00f3 experimentats i avalats per 25 anys d&#8217;experi\u00e8ncia al sector de la construcci\u00f3.<\/p>\n<blockquote><p>L&#8217;abast del Sistema de Gesti\u00f3 de la Qualitat i Medi Ambient de CODECO OBRES SL \u00e9s:<br \/>\nLA CONSTRUCCI\u00d3, REHABILITACI\u00d3 I REFORMA INTEGRAL D&#8217;EDIFICIS<\/p><\/blockquote>\n<p>El sistema va dirigit a assegurar la qualitat, causar el menor impacte ambiental de<br \/>\nels nostres serveis i proporcionar condicions de treball segures i saludables, aix\u00ed com<br \/>\nmillorar la confian\u00e7a dels clients per aconseguir l&#8217;\u00e8xit de la nostra organitzaci\u00f3, i<br \/>\nper assolir-ho s&#8217;identifiquen les seg\u00fcents directrius:<\/p>\n<ul>\n<li>Complir amb la <strong>legislaci\u00f3 i la reglamentaci\u00f3 vigent<\/strong>, aix\u00ed com altres requisits que l&#8217;organitzaci\u00f3 subscrigui.<\/li>\n<li><strong>Protegir el medi ambient i prevenir la contaminaci\u00f3<\/strong> generada per les activitats i contribuir al desenvolupament sostenible.<\/li>\n<li>Proporcionar <strong>condicions de treball segures i saludables<\/strong> dels nostres treballadors, facilitant totes les mesures de seguretat requerides, aix\u00ed com eliminant-ne els perills i reduint-ne els possibles riscos.<\/li>\n<li>Identificar les <strong>necessitats i les expectatives dels nostres clients<\/strong> i satisfer-les aportant les millors solucions mitjan\u00e7ant la nostra experi\u00e8ncia.<\/li>\n<li>Identificar <strong>riscos i oportunitats<\/strong>, per despr\u00e9s definir els objectius estrat\u00e8gics de l&#8217;organitzaci\u00f3 per minimitzar els riscos i explotar les oportunitats.<\/li>\n<li>Fomentar la <strong>formaci\u00f3 i sensibilitzaci\u00f3<\/strong> en mat\u00e8ria de qualitat i medi ambient del nostre personal, per a la millora cont\u00ednua de la seva professionalitat i capacitat.<\/li>\n<li>Detectar <strong>oportunitats de millora i accions correctives<\/strong>\u00a0en el nostre Sistema de Gesti\u00f3, mitjan\u00e7ant auditories peri\u00f2diques que garanteixin la <strong>millora cont\u00ednua<\/strong>.<\/li>\n<\/ul>\n<p>La pol\u00edtica es comunicar\u00e0 a totes les parts interessades pertinents, segons escaigui, i s&#8217;aplicar\u00e0 dins de l&#8217;organitzaci\u00f3.<\/p>\n<p><strong>8 de maig de 2023<\/strong><\/p>\n<p><a href=\"https:\/\/codecoobres.net\/wp-content\/uploads\/Politica-de-Calidad-y-Medio-Ambiente_CAT.pdf\" target=\"_blank\" rel=\"noopener\">Descarregar Pol\u00edtica de Qualitat i Medi Ambient<\/a><\/p>\n","protected":false},"excerpt":{"rendered":"<p>CODECO OBRES SL \u00e9s una empresa constructora de Lleida dedicada a la construcci\u00f3, rehabilitaci\u00f3 i reforma integral d&#8217;edificis, que es constitueix l&#8217;any 2003 fruit de la uni\u00f3 de professionals del ram de la construcci\u00f3 experimentats i avalats per 25 anys d&#8217;experi\u00e8ncia al sector de la construcci\u00f3. L&#8217;abast del Sistema de Gesti\u00f3 de la Qualitat i [&hellip;]<\/p>\n","protected":false},"author":3,"featured_media":0,"parent":0,"menu_order":0,"comment_status":"closed","ping_status":"closed","template":"","meta":{"footnotes":""},"class_list":["post-1312","page","type-page","status-publish","hentry"],"yoast_head":"<!-- This site is optimized with the Yoast SEO plugin v20.12 - https:\/\/yoast.com\/wordpress\/plugins\/seo\/ -->\n<title>Pol\u00edtica de Qualitat i Medi Ambient - Constructora Lleida<\/title>\n<meta name=\"robots\" content=\"index, follow, max-snippet:-1, max-image-preview:large, max-video-preview:-1\" \/>\n<link rel=\"canonical\" href=\"https:\/\/codecoobres.net\/ca\/politica-de-qualitat-i-medi-ambient\/\" \/>\n<meta property=\"og:locale\" content=\"ca_ES\" \/>\n<meta property=\"og:type\" content=\"article\" \/>\n<meta property=\"og:title\" content=\"Pol\u00edtica de Qualitat i Medi Ambient - Constructora Lleida\" \/>\n<meta property=\"og:description\" content=\"CODECO OBRES SL \u00e9s una empresa constructora de Lleida dedicada a la construcci\u00f3, rehabilitaci\u00f3 i reforma integral d&#8217;edificis, que es constitueix l&#8217;any 2003 fruit de la uni\u00f3 de professionals del ram de la construcci\u00f3 experimentats i avalats per 25 anys d&#8217;experi\u00e8ncia al sector de la construcci\u00f3. L&#8217;abast del Sistema de Gesti\u00f3 de la Qualitat i [&hellip;]\" \/>\n<meta property=\"og:url\" content=\"https:\/\/codecoobres.net\/ca\/politica-de-qualitat-i-medi-ambient\/\" \/>\n<meta property=\"og:site_name\" content=\"Constructora Lleida\" \/>\n<meta property=\"article:modified_time\" content=\"2023-07-31T10:43:29+00:00\" \/>\n<meta name=\"twitter:card\" content=\"summary_large_image\" \/>\n<meta name=\"twitter:label1\" content=\"Temps estimat de lectura\" \/>\n\t<meta name=\"twitter:data1\" content=\"2 minuts\" \/>\n<script type=\"application\/ld+json\" class=\"yoast-schema-graph\">{\"@context\":\"https:\/\/schema.org\",\"@graph\":[{\"@type\":\"WebPage\",\"@id\":\"https:\/\/codecoobres.net\/ca\/politica-de-qualitat-i-medi-ambient\/\",\"url\":\"https:\/\/codecoobres.net\/ca\/politica-de-qualitat-i-medi-ambient\/\",\"name\":\"Pol\u00edtica de Qualitat i Medi Ambient - Constructora Lleida\",\"isPartOf\":{\"@id\":\"https:\/\/codecoobres.net\/#website\"},\"datePublished\":\"2023-07-31T10:13:49+00:00\",\"dateModified\":\"2023-07-31T10:43:29+00:00\",\"breadcrumb\":{\"@id\":\"https:\/\/codecoobres.net\/ca\/politica-de-qualitat-i-medi-ambient\/#breadcrumb\"},\"inLanguage\":\"ca\",\"potentialAction\":[{\"@type\":\"ReadAction\",\"target\":[\"https:\/\/codecoobres.net\/ca\/politica-de-qualitat-i-medi-ambient\/\"]}]},{\"@type\":\"BreadcrumbList\",\"@id\":\"https:\/\/codecoobres.net\/ca\/politica-de-qualitat-i-medi-ambient\/#breadcrumb\",\"itemListElement\":[{\"@type\":\"ListItem\",\"position\":1,\"name\":\"Portada\",\"item\":\"https:\/\/codecoobres.net\/ca\/\"},{\"@type\":\"ListItem\",\"position\":2,\"name\":\"Pol\u00edtica de Qualitat i Medi Ambient\"}]},{\"@type\":\"WebSite\",\"@id\":\"https:\/\/codecoobres.net\/#website\",\"url\":\"https:\/\/codecoobres.net\/\",\"name\":\"Constructora Lleida\",\"description\":\"Construcci\u00f3, rehabilitaci\u00f3 i reforma integral\",\"potentialAction\":[{\"@type\":\"SearchAction\",\"target\":{\"@type\":\"EntryPoint\",\"urlTemplate\":\"https:\/\/codecoobres.net\/?s={search_term_string}\"},\"query-input\":\"required name=search_term_string\"}],\"inLanguage\":\"ca\"}]}<\/script>\n<!-- \/ Yoast SEO plugin. -->","yoast_head_json":{"title":"Pol\u00edtica de Qualitat i Medi Ambient - Constructora Lleida","robots":{"index":"index","follow":"follow","max-snippet":"max-snippet:-1","max-image-preview":"max-image-preview:large","max-video-preview":"max-video-preview:-1"},"canonical":"https:\/\/codecoobres.net\/ca\/politica-de-qualitat-i-medi-ambient\/","og_locale":"ca_ES","og_type":"article","og_title":"Pol\u00edtica de Qualitat i Medi Ambient - Constructora Lleida","og_description":"CODECO OBRES SL \u00e9s una empresa constructora de Lleida dedicada a la construcci\u00f3, rehabilitaci\u00f3 i reforma integral d&#8217;edificis, que es constitueix l&#8217;any 2003 fruit de la uni\u00f3 de professionals del ram de la construcci\u00f3 experimentats i avalats per 25 anys d&#8217;experi\u00e8ncia al sector de la construcci\u00f3. L&#8217;abast del Sistema de Gesti\u00f3 de la Qualitat i [&hellip;]","og_url":"https:\/\/codecoobres.net\/ca\/politica-de-qualitat-i-medi-ambient\/","og_site_name":"Constructora Lleida","article_modified_time":"2023-07-31T10:43:29+00:00","twitter_card":"summary_large_image","twitter_misc":{"Temps estimat de lectura":"2 minuts"},"schema":{"@context":"https:\/\/schema.org","@graph":[{"@type":"WebPage","@id":"https:\/\/codecoobres.net\/ca\/politica-de-qualitat-i-medi-ambient\/","url":"https:\/\/codecoobres.net\/ca\/politica-de-qualitat-i-medi-ambient\/","name":"Pol\u00edtica de Qualitat i Medi Ambient - Constructora Lleida","isPartOf":{"@id":"https:\/\/codecoobres.net\/#website"},"datePublished":"2023-07-31T10:13:49+00:00","dateModified":"2023-07-31T10:43:29+00:00","breadcrumb":{"@id":"https:\/\/codecoobres.net\/ca\/politica-de-qualitat-i-medi-ambient\/#breadcrumb"},"inLanguage":"ca","potentialAction":[{"@type":"ReadAction","target":["https:\/\/codecoobres.net\/ca\/politica-de-qualitat-i-medi-ambient\/"]}]},{"@type":"BreadcrumbList","@id":"https:\/\/codecoobres.net\/ca\/politica-de-qualitat-i-medi-ambient\/#breadcrumb","itemListElement":[{"@type":"ListItem","position":1,"name":"Portada","item":"https:\/\/codecoobres.net\/ca\/"},{"@type":"ListItem","position":2,"name":"Pol\u00edtica de Qualitat i Medi Ambient"}]},{"@type":"WebSite","@id":"https:\/\/codecoobres.net\/#website","url":"https:\/\/codecoobres.net\/","name":"Constructora Lleida","description":"Construcci\u00f3, rehabilitaci\u00f3 i reforma integral","potentialAction":[{"@type":"SearchAction","target":{"@type":"EntryPoint","urlTemplate":"https:\/\/codecoobres.net\/?s={search_term_string}"},"query-input":"required name=search_term_string"}],"inLanguage":"ca"}]}},"jetpack_sharing_enabled":true,"_links":{"self":[{"href":"https:\/\/codecoobres.net\/ca\/wp-json\/wp\/v2\/pages\/1312","targetHints":{"allow":["GET"]}}],"collection":[{"href":"https:\/\/codecoobres.net\/ca\/wp-json\/wp\/v2\/pages"}],"about":[{"href":"https:\/\/codecoobres.net\/ca\/wp-json\/wp\/v2\/types\/page"}],"author":[{"embeddable":true,"href":"https:\/\/codecoobres.net\/ca\/wp-json\/wp\/v2\/users\/3"}],"replies":[{"embeddable":true,"href":"https:\/\/codecoobres.net\/ca\/wp-json\/wp\/v2\/comments?post=1312"}],"version-history":[{"count":2,"href":"https:\/\/codecoobres.net\/ca\/wp-json\/wp\/v2\/pages\/1312\/revisions"}],"predecessor-version":[{"id":1323,"href":"https:\/\/codecoobres.net\/ca\/wp-json\/wp\/v2\/pages\/1312\/revisions\/1323"}],"wp:attachment":[{"href":"https:\/\/codecoobres.net\/ca\/wp-json\/wp\/v2\/media?parent=1312"}],"curies":[{"name":"wp","href":"https:\/\/api.w.org\/{rel}","templated":true}]}}